{"id":191,"date":"2017-05-14T21:41:23","date_gmt":"2017-05-14T19:41:23","guid":{"rendered":"http:\/\/www.kapplerpharma.de\/startseite\/?lang=en"},"modified":"2022-01-14T15:57:08","modified_gmt":"2022-01-14T14:57:08","slug":"startseite","status":"publish","type":"page","link":"https:\/\/www.kapplerpharma.de\/en\/","title":{"rendered":"Startseite"},"content":{"rendered":"<h1>Welcome to Kappler Pharma Consult GmbH<\/h1>\n<p>The team of highly experienced professionals is prepared to assist you in all aspects of regulatory affairs for medicinal products.<br \/>\nDies ist eine Beispiel-Seite. Sie unterscheidet sich von Beitr\u00e4gen, da sie stets an der selben Stelle bleibt und (bei den meisten Themes) in der Navigation angezeigt wird. Die meisten Leute starten mit einem Impressum oder einer \u201e\u00dcber uns\u201c-Seite mit einer Vorstellung f\u00fcr m\u00f6gliche Besucher der Website. Dort k\u00f6nnte zum Beispiel stehen:<\/p>\n<blockquote><p>Hallo! Tags\u00fcber arbeite ich als Fahrradkurier, nachts bin ich ein aufstrebender Schauspieler und dies hier ist meine Website. Ich lebe in Berlin, habe einen gro\u00dfen Hund namens Jack, mag die Fantastischen Vier und ein k\u00fchles Bier.<\/p><\/blockquote>\n<p>&#8230;oder sowas wie:<\/p>\n<blockquote><p>Unsere Firma XYZ wurde 1971 gegr\u00fcndet und hat seither eine Menge hochqualitativen ABC f\u00fcr die \u00d6ffentlichkeit produziert. Ans\u00e4ssig in Gotham City, hat XYZ mittlerweile \u00fcber 2,000 Mitarbeiter und entwickelt immer wieder gro\u00dfartige Dinge f\u00fcr die ganze Gotham Gemeinschaft.<\/p><\/blockquote>\n<p>Als neuer WordPress-Nutzer solltest du das <a href=\"http:\/\/www.kapplerpharma.de\/wp-admin\/\">Dashboard<\/a> aufrufen, um diese Seite zu l\u00f6schen und statt dessen eine neue Seite mit deinen eigenen Inhalten erstellen. Viel Spa\u00df!<\/p>\n","protected":false},"excerpt":{"rendered":"<p>Welcome to Kappler Pharma Consult GmbH The team of highly experienced professionals is prepared to assist you in all aspects of regulatory affairs for medicinal products. Dies ist eine Beispiel-Seite. Sie unterscheidet sich von Beitr\u00e4gen, da sie stets an der selben Stelle bleibt und (bei den meisten Themes) in der Navigation angezeigt wird. Die meisten [&hellip;]<\/p>\n","protected":false},"author":1,"featured_media":0,"parent":0,"menu_order":4,"comment_status":"closed","ping_status":"open","template":"","meta":{"footnotes":""},"class_list":["post-191","page","type-page","status-publish","hentry"],"yoast_head":"<!-- This site is optimized with the Yoast SEO plugin v25.6 - https:\/\/yoast.com\/wordpress\/plugins\/seo\/ -->\n<title>Kappler Pharma Consult GmbH - Regulatory Affairs<\/title>\n<meta name=\"description\" content=\"Welcome to Kappler Pharma Consult GmbH A team of highly experienced professionals is prepared to assist you in all aspects of regulatory affairs\" \/>\n<meta name=\"robots\" content=\"index, follow, max-snippet:-1, max-image-preview:large, max-video-preview:-1\" \/>\n<link rel=\"canonical\" href=\"https:\/\/www.kapplerpharma.de\/en\/\" \/>\n<meta property=\"og:locale\" content=\"en_US\" \/>\n<meta property=\"og:type\" content=\"article\" \/>\n<meta property=\"og:title\" content=\"Kappler Pharma Consult GmbH - Regulatory Affairs\" \/>\n<meta property=\"og:description\" content=\"Welcome to Kappler Pharma Consult GmbH A team of highly experienced professionals is prepared to assist you in all aspects of regulatory affairs\" \/>\n<meta property=\"og:url\" content=\"https:\/\/www.kapplerpharma.de\/en\/\" \/>\n<meta property=\"og:site_name\" content=\"kapplerpharma.de\" \/>\n<meta property=\"article:modified_time\" content=\"2022-01-14T14:57:08+00:00\" \/>\n<meta name=\"twitter:card\" content=\"summary_large_image\" \/>\n<meta name=\"twitter:label1\" content=\"Est. reading time\" \/>\n\t<meta name=\"twitter:data1\" content=\"1 minute\" \/>\n<script type=\"application\/ld+json\" class=\"yoast-schema-graph\">{\"@context\":\"https:\/\/schema.org\",\"@graph\":[{\"@type\":\"WebPage\",\"@id\":\"https:\/\/www.kapplerpharma.de\/en\/\",\"url\":\"https:\/\/www.kapplerpharma.de\/en\/\",\"name\":\"Kappler Pharma Consult GmbH - Regulatory Affairs\",\"isPartOf\":{\"@id\":\"https:\/\/www.kapplerpharma.de\/#website\"},\"datePublished\":\"2017-05-14T19:41:23+00:00\",\"dateModified\":\"2022-01-14T14:57:08+00:00\",\"description\":\"Welcome to Kappler Pharma Consult GmbH A team of highly experienced professionals is prepared to assist you in all aspects of regulatory affairs\",\"breadcrumb\":{\"@id\":\"https:\/\/www.kapplerpharma.de\/en\/#breadcrumb\"},\"inLanguage\":\"en-US\",\"potentialAction\":[{\"@type\":\"ReadAction\",\"target\":[\"https:\/\/www.kapplerpharma.de\/en\/\"]}]},{\"@type\":\"BreadcrumbList\",\"@id\":\"https:\/\/www.kapplerpharma.de\/en\/#breadcrumb\",\"itemListElement\":[{\"@type\":\"ListItem\",\"position\":1,\"name\":\"Startseite\",\"item\":\"https:\/\/www.kapplerpharma.de\/en\/\"},{\"@type\":\"ListItem\",\"position\":2,\"name\":\"Startseite\"}]},{\"@type\":\"WebSite\",\"@id\":\"https:\/\/www.kapplerpharma.de\/#website\",\"url\":\"https:\/\/www.kapplerpharma.de\/\",\"name\":\"kapplerpharma.de\",\"description\":\"\",\"potentialAction\":[{\"@type\":\"SearchAction\",\"target\":{\"@type\":\"EntryPoint\",\"urlTemplate\":\"https:\/\/www.kapplerpharma.de\/?s={search_term_string}\"},\"query-input\":{\"@type\":\"PropertyValueSpecification\",\"valueRequired\":true,\"valueName\":\"search_term_string\"}}],\"inLanguage\":\"en-US\"}]}<\/script>\n<!-- \/ Yoast SEO plugin. -->","yoast_head_json":{"title":"Kappler Pharma Consult GmbH - Regulatory Affairs","description":"Welcome to Kappler Pharma Consult GmbH A team of highly experienced professionals is prepared to assist you in all aspects of regulatory affairs","robots":{"index":"index","follow":"follow","max-snippet":"max-snippet:-1","max-image-preview":"max-image-preview:large","max-video-preview":"max-video-preview:-1"},"canonical":"https:\/\/www.kapplerpharma.de\/en\/","og_locale":"en_US","og_type":"article","og_title":"Kappler Pharma Consult GmbH - Regulatory Affairs","og_description":"Welcome to Kappler Pharma Consult GmbH A team of highly experienced professionals is prepared to assist you in all aspects of regulatory affairs","og_url":"https:\/\/www.kapplerpharma.de\/en\/","og_site_name":"kapplerpharma.de","article_modified_time":"2022-01-14T14:57:08+00:00","twitter_card":"summary_large_image","twitter_misc":{"Est. reading time":"1 minute"},"schema":{"@context":"https:\/\/schema.org","@graph":[{"@type":"WebPage","@id":"https:\/\/www.kapplerpharma.de\/en\/","url":"https:\/\/www.kapplerpharma.de\/en\/","name":"Kappler Pharma Consult GmbH - Regulatory Affairs","isPartOf":{"@id":"https:\/\/www.kapplerpharma.de\/#website"},"datePublished":"2017-05-14T19:41:23+00:00","dateModified":"2022-01-14T14:57:08+00:00","description":"Welcome to Kappler Pharma Consult GmbH A team of highly experienced professionals is prepared to assist you in all aspects of regulatory affairs","breadcrumb":{"@id":"https:\/\/www.kapplerpharma.de\/en\/#breadcrumb"},"inLanguage":"en-US","potentialAction":[{"@type":"ReadAction","target":["https:\/\/www.kapplerpharma.de\/en\/"]}]},{"@type":"BreadcrumbList","@id":"https:\/\/www.kapplerpharma.de\/en\/#breadcrumb","itemListElement":[{"@type":"ListItem","position":1,"name":"Startseite","item":"https:\/\/www.kapplerpharma.de\/en\/"},{"@type":"ListItem","position":2,"name":"Startseite"}]},{"@type":"WebSite","@id":"https:\/\/www.kapplerpharma.de\/#website","url":"https:\/\/www.kapplerpharma.de\/","name":"kapplerpharma.de","description":"","potentialAction":[{"@type":"SearchAction","target":{"@type":"EntryPoint","urlTemplate":"https:\/\/www.kapplerpharma.de\/?s={search_term_string}"},"query-input":{"@type":"PropertyValueSpecification","valueRequired":true,"valueName":"search_term_string"}}],"inLanguage":"en-US"}]}},"_links":{"self":[{"href":"https:\/\/www.kapplerpharma.de\/en\/wp-json\/wp\/v2\/pages\/191"}],"collection":[{"href":"https:\/\/www.kapplerpharma.de\/en\/wp-json\/wp\/v2\/pages"}],"about":[{"href":"https:\/\/www.kapplerpharma.de\/en\/wp-json\/wp\/v2\/types\/page"}],"author":[{"embeddable":true,"href":"https:\/\/www.kapplerpharma.de\/en\/wp-json\/wp\/v2\/users\/1"}],"replies":[{"embeddable":true,"href":"https:\/\/www.kapplerpharma.de\/en\/wp-json\/wp\/v2\/comments?post=191"}],"version-history":[{"count":14,"href":"https:\/\/www.kapplerpharma.de\/en\/wp-json\/wp\/v2\/pages\/191\/revisions"}],"predecessor-version":[{"id":368,"href":"https:\/\/www.kapplerpharma.de\/en\/wp-json\/wp\/v2\/pages\/191\/revisions\/368"}],"wp:attachment":[{"href":"https:\/\/www.kapplerpharma.de\/en\/wp-json\/wp\/v2\/media?parent=191"}],"curies":[{"name":"wp","href":"https:\/\/api.w.org\/{rel}","templated":true}]}}